{"id":839,"date":"2023-09-15T13:32:49","date_gmt":"2023-09-15T11:32:49","guid":{"rendered":"https:\/\/www.olmialegal.com\/politica-privacidad\/"},"modified":"2025-08-05T15:21:17","modified_gmt":"2025-08-05T13:21:17","slug":"politica-de-privacitat","status":"publish","type":"page","link":"https:\/\/www.olmialegal.com\/ca\/politica-de-privacitat\/","title":{"rendered":"Politica de privacitat"},"content":{"rendered":"[vc_row type=&#8221;in_container&#8221; full_screen_row_position=&#8221;middle&#8221; column_margin=&#8221;default&#8221; column_direction=&#8221;default&#8221; column_direction_tablet=&#8221;default&#8221; column_direction_phone=&#8221;default&#8221; scene_position=&#8221;center&#8221; text_color=&#8221;dark&#8221; text_align=&#8221;left&#8221; row_border_radius=&#8221;none&#8221; row_border_radius_applies=&#8221;bg&#8221; overflow=&#8221;visible&#8221; overlay_strength=&#8221;0.3&#8243; gradient_direction=&#8221;left_to_right&#8221; shape_divider_position=&#8221;bottom&#8221; bg_image_animation=&#8221;none&#8221;][vc_column column_padding=&#8221;no-extra-padding&#8221; column_padding_tablet=&#8221;inherit&#8221; column_padding_phone=&#8221;inherit&#8221; column_padding_position=&#8221;all&#8221; column_element_direction_desktop=&#8221;default&#8221; column_element_spacing=&#8221;default&#8221; desktop_text_alignment=&#8221;default&#8221; tablet_text_alignment=&#8221;default&#8221; phone_text_alignment=&#8221;default&#8221; background_color_opacity=&#8221;1&#8243; background_hover_color_opacity=&#8221;1&#8243; column_backdrop_filter=&#8221;none&#8221; column_shadow=&#8221;none&#8221; column_border_radius=&#8221;none&#8221; column_link_target=&#8221;_self&#8221; column_position=&#8221;default&#8221; gradient_direction=&#8221;left_to_right&#8221; overlay_strength=&#8221;0.3&#8243; width=&#8221;1\/1&#8243; tablet_width_inherit=&#8221;default&#8221; animation_type=&#8221;default&#8221; bg_image_animation=&#8221;none&#8221; border_type=&#8221;simple&#8221; column_border_width=&#8221;none&#8221; column_border_style=&#8221;solid&#8221;][split_line_heading animation_type=&#8221;line-reveal-by-space&#8221; font_style=&#8221;h1&#8243; text_color=&#8221;#284093&#8243; line_reveal_by_space_text_effect=&#8221;default&#8221; stagger_animation=&#8221;true&#8221; mobile_disable_animation=&#8221;true&#8221; content_alignment=&#8221;default&#8221; mobile_content_alignment=&#8221;inherit&#8221; link_target=&#8221;_self&#8221; text_content=&#8221;Politica de privacitat&#8221; font_size=&#8221;5vw&#8221;][\/split_line_heading][nectar_responsive_text]\n<p>\u00a0<\/p>\n<h3 class=\"wp-block-heading\">INFORMACI\u00d3 A L&#8217;USUARI<\/h3>\n<h4>\u00a0<\/h4>\n<h4>Qui \u00e9s el responsable del tractament de les teves dades personals?<\/h4>\n<p>Olmia Legal Abogados, S.L.P., \u00e9s en alguns casos RESPONSABLE (en cas d&#8217;esdeveniments propis) i en altres (esdeveniments dels clients) ENCARREGAT del tractament de les dades personals de l&#8217;USUARI i l&#8217;informa en tot cas que aquestes dades seran tractades de conformitat amb el que disposa el Reglament (UE) 2016\/679, de 27 d&#8217;abril (GDPR), i la Llei Org\u00e0nica 3\/2018, de 5 de desembre (LOPDGDD).<\/p>\n<p>Dades de contacte: Olmia Legal Abogados, S.L.P.<\/p>\n<ul>\n<li>Adre\u00e7a: Carrer Aribau, 171, 1r 1a, 08036, Barcelona<\/li>\n<li>Correu electr\u00f2nic: <a href=\"mailto:info@olmialegal.com\">info@olmialegal.com<\/a><\/li>\n<li>Tel\u00e8fon: <a href=\"tel:+ 34933801285\">+ 34 933801285<\/a><\/li>\n<\/ul>\n<h4>\u00a0<\/h4>\n<h4>Per a qu\u00e8 tractem les teves dades personals?<\/h4>\n<p>Per mantenir una relaci\u00f3 comercial amb el client. Les operacions previstes per realitzar el tractament s\u00f3n:<\/p>\n<ul>\n<li>\n<p>Tramitar enc\u00e0rrecs, sol\u00b7licituds, donar resposta a les consultes i prestar el servei legal o qualsevol tipus de petici\u00f3 que sigui realitzada pel client a trav\u00e9s de qualsevol de les formes de contacte, online o presencial.<\/p>\n<\/li>\n<li>\n<p>En cas d&#8217;haver acceptat les cookies, recopilem certa informaci\u00f3 del teu dispositiu, com navegador web, adre\u00e7a IP, zona hor\u00e0ria, com interactues amb el lloc i la resta d&#8217;informaci\u00f3 que consta en la pol\u00edtica de cookies. Per a m\u00e9s informaci\u00f3 sobre les cookies accedir a la nostra <a href=\"https:\/\/www.olmialegal.com\/ca\/politica-de-cookies\/\" target=\"_blank\" rel=\"noopener\">Pol\u00edtica de Cookies<\/a>.<\/p>\n<\/li>\n<li>\n<p>En cas d&#8217;haver marcat la corresponent casella, remissi\u00f3 de comunicacions comercials publicit\u00e0ries per e-mail, fax, SMS, MMS, xarxes socials o qualsevol altre mitj\u00e0 electr\u00f2nic o f\u00edsic, present o futur, que possibiliti realitzar comunicacions comercials i enviaments de newsletter i casos legals o normatives d&#8217;inter\u00e8s. Aquestes comunicacions seran realitzades pel RESPONSABLE dels seus productes i activitats.<\/p>\n<\/li>\n<\/ul>\n<h4>\u00a0<\/h4>\n<p>&nbsp;<\/p>\n<h4>Durant quant temps guardarem les teves dades personals?<\/h4>\n<p>Les dades proporcionades es conservaran durant el temps estrictament necessari per complir amb la finalitat corresponent per la qual tractem les seves dades o continu\u00ef vigent la relaci\u00f3 entre les parts i sempre que el titular d&#8217;aquells no manifesti la seva oposici\u00f3.<\/p>\n<p>Posteriorment, es mantindr\u00e0 la informaci\u00f3 bloquejada durant els anys necessaris per complir amb les obligacions legals.<\/p>\n<h4>\u00a0<\/h4>\n<h4>A qui facilitem les teves dades personals?<\/h4>\n<p>Hi ha el tractament per prove\u00efdors de serveis d&#8217;emmagatzematge de dades al n\u00favol o altres prove\u00efdors o col\u00b7laboradors amb qui h\u00e0gim signat els corresponents contractes.<\/p>\n<p>No est\u00e0 prevista cap comunicaci\u00f3 de dades personals a tercers llevat de:<\/p>\n<ol>\n<li>quan s&#8217;exigeixi per obligaci\u00f3 legal<\/li>\n<li>prove\u00efdors de serveis d&#8217;emmagatzematge de dades al n\u00favol<\/li>\n<li>per al propi desenvolupament i execuci\u00f3 de les finalitats del tractament, com per exemple, comunicacions a l&#8217;Ag\u00e8ncia Tribut\u00e0ria, altres Administracions P\u00fabliques, bancs i entitats financeres i, aix\u00ed mateix, als nostres prove\u00efdors de serveis o col\u00b7laboradors, amb els quals tenim subscrits els contractes de confidencialitat i d&#8217;encarregat de tractament exigits per la normativa vigent de privacitat.<\/li>\n<\/ol>\n<p>&nbsp;<\/p>\n<p>S&#8217;informa que qualsevol transfer\u00e8ncia fora de l&#8217;EEE es realitzar\u00e0 a un destinatari que hagi estat declarat de nivell de protecci\u00f3 adequat per la Comissi\u00f3 Europea. En abs\u00e8ncia d&#8217;aquesta declaraci\u00f3 d&#8217;adequaci\u00f3, es compliran les garanties adequades, com la signatura de Cl\u00e0usules Contractuals Tipus aprovades per la Comissi\u00f3, el contingut de la qual pot consultar en el seg\u00fcent enlla\u00e7:<\/p>\n<p><a href=\"https:\/\/ec.europa.eu\/info\/law\/law-topic\/data-protection\/international-dimension-data- protection\/standard-contractual-clauses-scc_en.\" target=\"_blank\" rel=\"noopener\">https:\/\/ec.europa.eu\/info\/law\/law-topic\/data-protection\/international-dimension-data- protection\/standard-contractual-clauses-scc_en.<\/a><\/p>\n<p>&nbsp;<\/p>\n<h4>Quins s\u00f3n els teus drets?<\/h4>\n<p>Els drets que assisteixen a l&#8217;USUARI s\u00f3n:<\/p>\n<ul>\n<li>Dret a retirar el consentiment en qualsevol moment.<\/li>\n<li>Dret d&#8217;acc\u00e9s, rectificaci\u00f3, portabilitat i supressi\u00f3 de les seves dades, i de limitaci\u00f3 o oposici\u00f3 al seu tractament i a no ser objecte de decisions automatitzades.<\/li>\n<li>Dret a presentar una reclamaci\u00f3 davant l&#8217;autoritat de control (www.aepd.es) si considera que el tractament no s&#8217;ajusta a la normativa vigent.<\/li>\n<\/ul>\n<p>&nbsp;<\/p>\n<p>Dades de contacte per exercir els seus drets:<\/p>\n<ul>\n<li>Olmia Legal Abogados, S.L.P.<\/li>\n<li>Adre\u00e7a: Carrer Aribau, 171, 1r 1a, 08036, Barcelona<\/li>\n<li>Correu electr\u00f2nic: <a href=\"mailto:info@olmialegal.com\">info@olmialegal.com<\/a>\n<\/li>\n<\/ul>\n<p>&nbsp;<\/p>\n[\/nectar_responsive_text][\/vc_column][\/vc_row][vc_row type=&#8221;in_container&#8221; full_screen_row_position=&#8221;middle&#8221; column_margin=&#8221;default&#8221; column_direction=&#8221;default&#8221; column_direction_tablet=&#8221;default&#8221; column_direction_phone=&#8221;default&#8221; scene_position=&#8221;center&#8221; text_color=&#8221;dark&#8221; text_align=&#8221;left&#8221; row_border_radius=&#8221;none&#8221; row_border_radius_applies=&#8221;bg&#8221; overflow=&#8221;visible&#8221; overlay_strength=&#8221;0.3&#8243; gradient_direction=&#8221;left_to_right&#8221; shape_divider_position=&#8221;bottom&#8221; bg_image_animation=&#8221;none&#8221;][vc_column column_padding=&#8221;no-extra-padding&#8221; column_padding_tablet=&#8221;inherit&#8221; column_padding_phone=&#8221;inherit&#8221; column_padding_position=&#8221;all&#8221; column_element_direction_desktop=&#8221;default&#8221; column_element_spacing=&#8221;default&#8221; desktop_text_alignment=&#8221;default&#8221; tablet_text_alignment=&#8221;default&#8221; phone_text_alignment=&#8221;default&#8221; background_color_opacity=&#8221;1&#8243; background_hover_color_opacity=&#8221;1&#8243; column_backdrop_filter=&#8221;none&#8221; column_shadow=&#8221;none&#8221; column_border_radius=&#8221;none&#8221; column_link_target=&#8221;_self&#8221; column_position=&#8221;default&#8221; gradient_direction=&#8221;left_to_right&#8221; overlay_strength=&#8221;0.3&#8243; width=&#8221;1\/1&#8243; tablet_width_inherit=&#8221;default&#8221; animation_type=&#8221;default&#8221; bg_image_animation=&#8221;none&#8221; border_type=&#8221;simple&#8221; column_border_width=&#8221;none&#8221; column_border_style=&#8221;solid&#8221;][vc_column_text][\/vc_column_text][\/vc_column][\/vc_row]\n","protected":false},"excerpt":{"rendered":"<p>[vc_row type=&#8221;in_container&#8221; full_screen_row_position=&#8221;middle&#8221; column_margin=&#8221;default&#8221; column_direction=&#8221;default&#8221; column_direction_tablet=&#8221;default&#8221; column_direction_phone=&#8221;default&#8221; scene_position=&#8221;center&#8221; text_color=&#8221;dark&#8221; text_align=&#8221;left&#8221; row_border_radius=&#8221;none&#8221; row_border_radius_applies=&#8221;bg&#8221; overflow=&#8221;visible&#8221; overlay_strength=&#8221;0.3&#8243; gradient_direction=&#8221;left_to_right&#8221; shape_divider_position=&#8221;bottom&#8221; bg_image_animation=&#8221;none&#8221;][vc_column column_padding=&#8221;no-extra-padding&#8221; column_padding_tablet=&#8221;inherit&#8221; column_padding_phone=&#8221;inherit&#8221; column_padding_position=&#8221;all&#8221; column_element_direction_desktop=&#8221;default&#8221; column_element_spacing=&#8221;default&#8221; desktop_text_alignment=&#8221;default&#8221; tablet_text_alignment=&#8221;default&#8221; phone_text_alignment=&#8221;default&#8221; background_color_opacity=&#8221;1&#8243; background_hover_color_opacity=&#8221;1&#8243; column_backdrop_filter=&#8221;none&#8221; column_shadow=&#8221;none&#8221;&#8230;<\/p>\n","protected":false},"author":1,"featured_media":0,"parent":0,"menu_order":5,"comment_status":"closed","ping_status":"closed","template":"","meta":{"footnotes":""},"class_list":["post-839","page","type-page","status-publish"],"aioseo_notices":[],"_links":{"self":[{"href":"https:\/\/www.olmialegal.com\/ca\/wp-json\/wp\/v2\/pages\/839","targetHints":{"allow":["GET"]}}],"collection":[{"href":"https:\/\/www.olmialegal.com\/ca\/wp-json\/wp\/v2\/pages"}],"about":[{"href":"https:\/\/www.olmialegal.com\/ca\/wp-json\/wp\/v2\/types\/page"}],"author":[{"embeddable":true,"href":"https:\/\/www.olmialegal.com\/ca\/wp-json\/wp\/v2\/users\/1"}],"replies":[{"embeddable":true,"href":"https:\/\/www.olmialegal.com\/ca\/wp-json\/wp\/v2\/comments?post=839"}],"version-history":[{"count":4,"href":"https:\/\/www.olmialegal.com\/ca\/wp-json\/wp\/v2\/pages\/839\/revisions"}],"predecessor-version":[{"id":864,"href":"https:\/\/www.olmialegal.com\/ca\/wp-json\/wp\/v2\/pages\/839\/revisions\/864"}],"wp:attachment":[{"href":"https:\/\/www.olmialegal.com\/ca\/wp-json\/wp\/v2\/media?parent=839"}],"curies":[{"name":"wp","href":"https:\/\/api.w.org\/{rel}","templated":true}]}}