{"id":841,"date":"2023-10-17T10:49:05","date_gmt":"2023-10-17T08:49:05","guid":{"rendered":"https:\/\/www.olmialegal.com\/politica-de-cookies\/"},"modified":"2025-08-05T15:27:39","modified_gmt":"2025-08-05T13:27:39","slug":"politica-de-cookies","status":"publish","type":"page","link":"https:\/\/www.olmialegal.com\/ca\/politica-de-cookies\/","title":{"rendered":"Pol\u00edtica de cookies"},"content":{"rendered":"[vc_row type=&#8221;in_container&#8221; full_screen_row_position=&#8221;middle&#8221; column_margin=&#8221;default&#8221; column_direction=&#8221;default&#8221; column_direction_tablet=&#8221;default&#8221; column_direction_phone=&#8221;default&#8221; scene_position=&#8221;center&#8221; text_color=&#8221;dark&#8221; text_align=&#8221;left&#8221; row_border_radius=&#8221;none&#8221; row_border_radius_applies=&#8221;bg&#8221; overflow=&#8221;visible&#8221; overlay_strength=&#8221;0.3&#8243; gradient_direction=&#8221;left_to_right&#8221; shape_divider_position=&#8221;bottom&#8221; bg_image_animation=&#8221;none&#8221;][vc_column column_padding=&#8221;no-extra-padding&#8221; column_padding_tablet=&#8221;inherit&#8221; column_padding_phone=&#8221;inherit&#8221; column_padding_position=&#8221;all&#8221; column_element_direction_desktop=&#8221;default&#8221; column_element_spacing=&#8221;default&#8221; desktop_text_alignment=&#8221;default&#8221; tablet_text_alignment=&#8221;default&#8221; phone_text_alignment=&#8221;default&#8221; background_color_opacity=&#8221;1&#8243; background_hover_color_opacity=&#8221;1&#8243; column_backdrop_filter=&#8221;none&#8221; column_shadow=&#8221;none&#8221; column_border_radius=&#8221;none&#8221; column_link_target=&#8221;_self&#8221; column_position=&#8221;default&#8221; gradient_direction=&#8221;left_to_right&#8221; overlay_strength=&#8221;0.3&#8243; width=&#8221;1\/1&#8243; tablet_width_inherit=&#8221;default&#8221; animation_type=&#8221;default&#8221; bg_image_animation=&#8221;none&#8221; border_type=&#8221;simple&#8221; column_border_width=&#8221;none&#8221; column_border_style=&#8221;solid&#8221;][split_line_heading animation_type=&#8221;line-reveal-by-space&#8221; font_style=&#8221;h1&#8243; text_color=&#8221;#284093&#8243; line_reveal_by_space_text_effect=&#8221;default&#8221; content_alignment=&#8221;default&#8221; mobile_content_alignment=&#8221;inherit&#8221; link_target=&#8221;_self&#8221; text_content=&#8221;Pol\u00edtica de cookies&#8221; font_size=&#8221;5vw&#8221;][\/split_line_heading][nectar_responsive_text]\n<h3><\/h3>\n<p>&nbsp;<\/p>\n<h3>1. QU\u00c8 \u00c9S UNA COOKIE?<\/h3>\n<p>Una \u201ccookie\u201d \u00e9s un petit fitxer de text que un lloc web col\u00b7loca al seu ordinador, tel\u00e8fon o qualsevol altre dispositiu, amb informaci\u00f3 sobre la seva navegaci\u00f3 en aquest lloc. Per tant, les cookies permeten al nostre Lloc Web, entre altres coses, emmagatzemar i recuperar informaci\u00f3 sobre els seus h\u00e0bits de navegaci\u00f3.<\/p>\n<p>&nbsp;<\/p>\n<h3>2. TIPUS DE COOKIES<\/h3>\n<p>A continuaci\u00f3, es realitza una classificaci\u00f3 de les cookies en funci\u00f3 d&#8217;una s\u00e8rie de categories.<\/p>\n<p><strong>a) Segons l&#8217;entitat que la gestiona:<\/strong><\/p>\n<ul>\n<li><strong>Cookies pr\u00f2pies:<\/strong> s\u00f3n aquelles que s&#8217;envien a l&#8217;equip terminal de l&#8217;usuari des d&#8217;un equip o domini gestionat per Olmia Legal Abogados, S.L.P., i des del qual es presta el servei o facilita la informaci\u00f3 sol\u00b7licitada per l&#8217;usuari.<\/li>\n<li><strong>Cookies de tercers:<\/strong> s\u00f3n aquelles que s&#8217;envien a l&#8217;equip terminal de l&#8217;usuari des d&#8217;un equip o domini que no \u00e9s gestionat per Olmia Legal Abogados, S.L.P., sin\u00f3 per una altra entitat que tracta les dades obtingudes a trav\u00e9s de les cookies (xarxes socials, cercadors, etc.). En el cas que les cookies siguin instal\u00b7lades des d&#8217;un equip o domini gestionat per la mateixa Olmia Legal Abogados, S.L.P., per\u00f2 la informaci\u00f3 que es reculli mitjan\u00e7ant aquestes sigui gestionada per un tercer, no poden ser considerades com a cookies pr\u00f2pies.<\/li>\n<\/ul>\n<p>&nbsp;<\/p>\n<p><strong>b) Segons el termini de temps que romanen activades:<\/strong><\/p>\n<ul>\n<li><strong>Cookies de sessi\u00f3:<\/strong> s\u00f3n un tipus de cookies dissenyades per recaptar i emmagatzemar dades mentre l&#8217;usuari accedeix a una p\u00e0gina web. Se solen emprar per emmagatzemar informaci\u00f3 que nom\u00e9s interessa conservar per a la prestaci\u00f3 del servei sol\u00b7licitat per l&#8217;usuari en una sola ocasi\u00f3.<\/li>\n<li><strong>Cookies persistents:<\/strong> s\u00f3n un tipus de cookies en el qual les dades segueixen emmagatzemades en el terminal i poden ser accedits i tractats durant un per\u00edode definit pel responsable de la cookie.<\/li>\n<\/ul>\n<p>&nbsp;<\/p>\n<p><strong>c) Segons la seva finalitat:<\/strong><\/p>\n<ul>\n<li><strong>Cookies t\u00e8cniques:<\/strong> s\u00f3n aquelles que permeten a l&#8217;usuari la navegaci\u00f3 a trav\u00e9s d&#8217;una p\u00e0gina web, plataforma o aplicaci\u00f3 i la utilitzaci\u00f3 de les diferents opcions o serveis que hi hagi com, per exemple, controlar el tr\u00e0nsit i la comunicaci\u00f3 de dades, identificar la sessi\u00f3, etc.<\/li>\n<li><strong>Cookies de personalitzaci\u00f3:<\/strong> s\u00f3n aquelles que permeten a l&#8217;usuari accedir al servei amb algunes caracter\u00edstiques de car\u00e0cter general predefinides en funci\u00f3 d&#8217;una s\u00e8rie de criteris en el terminal de l&#8217;usuari com per exemple serien l&#8217;idioma, el tipus de navegador a trav\u00e9s del qual accedeix al servei, etc.\n<p>&nbsp;<\/li>\n<li><strong>Cookies d&#8217;an\u00e0lisi:<\/strong> s\u00f3n aquelles que permeten al responsable de les mateixes, el seguiment i an\u00e0lisi del comportament dels usuaris dels llocs web als quals estan vinculades.<\/li>\n<li><strong>Cookies publicit\u00e0ries:<\/strong> s\u00f3n aquelles que permeten la gesti\u00f3 dels espais publicitaris que, si s&#8217;escau, Olmia Legal Abogados, S.L.P., hagi incl\u00f2s a la p\u00e0gina web, aplicaci\u00f3 o plataforma des de la qual presta el servei sol\u00b7licitat en base a criteris com el contingut editat o la freq\u00fc\u00e8ncia en qu\u00e8 es mostren els anuncis.<\/li>\n<li><strong>Cookies de publicitat comportamental:<\/strong> s\u00f3n aquelles emmagatzemen informaci\u00f3 del comportament dels usuaris obtinguda a trav\u00e9s de l&#8217;observaci\u00f3 continuada dels seus h\u00e0bits de navegaci\u00f3, la qual cosa permet mostrar publicitat en funci\u00f3 d&#8217;aquests.<\/li>\n<\/ul>\n<p>&nbsp;<\/p>\n<p>Per a m\u00e9s informaci\u00f3 sobre aix\u00f2 pot consultar la Guia sobre l&#8217;\u00fas de les cookies de l&#8217;Ag\u00e8ncia Espanyola de Protecci\u00f3 de Dades.<\/p>\n<p>&nbsp;<\/p>\n<h3>3. INFORMACI\u00d3 DETALLADA DE LES COOKIES QUE UTILITZA AQUEST LLOC WEB.<\/h3>\n<ul>\n<li>Facebook: <a href=\"https:\/\/www.facebook.com\/policies\/cookies\/\" target=\"_blank\" rel=\"noopener\">https:\/\/www.facebook.com\/policies\/cookies\/<\/a><\/li>\n<li>Twitter: <a href=\"https:\/\/twitter.com\/es\/privacy\" target=\"_blank\" rel=\"noopener\">https:\/\/twitter.com\/es\/privacy<\/a><\/li>\n<li>Instagram: <a href=\"https:\/\/help.instagram.com\/1896641480634370?ref=ig\" target=\"_blank\" rel=\"noopener\">https:\/\/help.instagram.com\/1896641480634370?ref=ig<\/a><\/li>\n<li>YouTube: <a href=\"https:\/\/policies.google.com\/privacy?hl=es-419&amp;gl=mx\" target=\"_blank\" rel=\"noopener\">https:\/\/policies.google.com\/privacy?hl=es-419&amp;gl=mx<\/a><\/li>\n<li>Pinterest: <a href=\"https:\/\/policy.pinterest.com\/es\/privacy-policy\" target=\"_blank\" rel=\"noopener\">https:\/\/policy.pinterest.com\/es\/privacy-policy<\/a><\/li>\n<li>LinkedIn: <a href=\"https:\/\/www.linkedin.com\/legal\/cookie-policy?trk=hp-cookies\" target=\"_blank\" rel=\"noopener\">https:\/\/www.linkedin.com\/legal\/cookie-policy?trk=hp-cookies<\/a><\/li>\n<\/ul>\n<p>&nbsp;<\/p>\n<p>A m\u00e9s de xarxes socials, la nostra web fa servir les seg\u00fcents cookies que instal\u00b7la el servei Google Analytics[\/nectar_responsive_text][vc_raw_js]JTNDc2NyaXB0JTIwaWQlM0QlMjJDb29raWVEZWNsYXJhdGlvbiUyMiUyMHNyYyUzRCUyMmh0dHBzJTNBJTJGJTJGY29uc2VudC5jb29raWVib3QuY29tJTJGM2ZiYTg3YWQtODBkMC00NDFlLTllMzItMTdjNTYxOTVlZTAxJTJGY2QuanMlMjIlMjB0eXBlJTNEJTIydGV4dCUyRmphdmFzY3JpcHQlMjIlMjBhc3luYyUzRSUzQyUyRnNjcmlwdCUzRQ==[\/vc_raw_js][nectar_responsive_text]Tamb\u00e9 podr\u00e0 controlar els anuncis i les tecnologies de seguiment amb aplicatius espec\u00edfics per a aix\u00f2.<\/p>\n<p>&nbsp;<\/p>\n<h3>4. QUI UTILITZA LA INFORMACI\u00d3 EMMAGATZEMADA A LES COOKIES?<\/h3>\n<p>La informaci\u00f3 emmagatzemada a les cookies del lloc web d&#8217;Olmia Legal Abogados, S.L.P., \u00e9s utilitzada exclusivament per aquest, llevat de les cookies de tercers que s\u00f3n utilitzades i gestionades per altres entitats per proporcionar-nos els serveis sol\u00b7licitats.<\/p>\n<p>&nbsp;<\/p>\n<h3>5. COM MODIFICAR LA CONFIGURACI\u00d3 DE LES COOKIES.<\/h3>\n<p>L&#8217;Usuari pot deshabilitar, rebutjar i eliminar les cookies \u2014totalment o parcialment\u2014 instal\u00b7lades en el seu dispositiu mitjan\u00e7ant la configuraci\u00f3 del seu navegador (entre els quals es troben, per exemple, Chrome, Firefox, Safari, Explorer). En aquest sentit, els procediments per rebutjar i eliminar les cookies poden diferir d&#8217;un navegador d&#8217;Internet a un altre. En conseq\u00fc\u00e8ncia, l&#8217;Usuari ha d&#8217;acudir a les instruccions facilitades pel propi navegador d&#8217;Internet que estigui utilitzant. En el sup\u00f2sit que rebutgi l&#8217;\u00fas de cookies \u2014totalment o parcialment\u2014 podr\u00e0 seguir usant el Lloc Web, si b\u00e9 podr\u00e0 tenir limitada la utilitzaci\u00f3 d&#8217;algunes de les prestacions del mateix.<\/p>\n<table style=\"width: 100%;\">\n<tbody>\n<tr>\n<th colspan=\"2\">COM GESTIONAR LES COOKIES DES DEL NAVEGADOR<\/th>\n<\/tr>\n<tr>\n<td>Eliminar les cookies del dispositiu<\/td>\n<td>Eliminar les cookies del dispositiu Les cookies que ja estan en un dispositiu es poden eliminar esborrant l&#8217;historial del navegador, amb la qual cosa se suprimeixen les cookies de tots els llocs web visitats.<br \/>\nTanmateix, tamb\u00e9 es pot perdre part de la informaci\u00f3 guardada (per exemple, les dades d&#8217;inici de sessi\u00f3 o les prefer\u00e8ncies de lloc web).<\/td>\n<\/tr>\n<tr>\n<td>Gestionar les cookies espec\u00edfiques del lloc<\/td>\n<td>Per tenir un control m\u00e9s prec\u00eds de les cookies espec\u00edfiques de cada lloc, els usuaris poden ajustar la seva configuraci\u00f3 de privacitat i cookies al navegador.<\/td>\n<\/tr>\n<\/tbody>\n<\/table>\n<p>&nbsp;<\/p>\n<table style=\"width: 100%;\">\n<tbody>\n<tr>\n<th colspan=\"2\">C\u00d3MO ELIMINAR LAS COOKIES DE LOS NAVEGADORES M\u00c1S COMUNES<\/th>\n<\/tr>\n<tr>\n<td>Chrome<\/td>\n<td><a href=\"http:\/\/support.google.com\/chrome\/answer\/95647?hl=es\" target=\"_blank\" rel=\"noopener\">http:\/\/support.google.com\/chrome\/answer\/95647?hl=es<\/a><\/td>\n<\/tr>\n<tr>\n<td>Edge<\/td>\n<td><a href=\"https:\/\/support.microsoft.com\/es-es\/microsoft-edge\/eliminar-las-cookies-en-microsoft-edge-63947406-40ac-c3b8-57b9-2a946a29ae09\" target=\"_blank\" rel=\"noopener\">https:\/\/support.microsoft.com\/es-es\/microsoft-edge\/eliminar-las-cookies-en-microsoft-edge-63947406-40ac-c3b8-57b9-2a946a29ae09<\/a><\/td>\n<\/tr>\n<tr>\n<td>Explorer<\/td>\n<td><a href=\"https:\/\/support.microsoft.com\/es-es\/help\/278835\/how-to-delete-cookie-files-in-internet-explorer\" target=\"_blank\" rel=\"noopener\">https:\/\/support.microsoft.com\/es-es\/help\/278835\/how-to-delete-cookie-files-in-internet-explorer<\/a><\/td>\n<\/tr>\n<tr>\n<td>Firefox<\/td>\n<td><a href=\"https:\/\/www.mozilla.org\/es-ES\/privacy\/websites\/#cookies\" target=\"_blank\" rel=\"noopener\">https:\/\/www.mozilla.org\/es-ES\/privacy\/websites\/#cookies<\/a><\/td>\n<\/tr>\n<tr>\n<td>Safari<\/td>\n<td><a href=\"https:\/\/support.apple.com\/es-es\/guide\/safari\/sfri11471\/mac\" target=\"_blank\" rel=\"noopener\">https:\/\/support.apple.com\/es-es\/guide\/safari\/sfri11471\/mac<\/a><\/td>\n<\/tr>\n<tr>\n<td>Opera<\/td>\n<td><a href=\"https:\/\/help.opera.com\/en\/latest\/security-and-privacy\/#clearBrowsingData\" target=\"_blank\" rel=\"noopener\">https:\/\/help.opera.com\/en\/latest\/security-and-privacy\/#clearBrowsingData<\/a><\/td>\n<\/tr>\n<\/tbody>\n<\/table>\n<h3><\/h3>\n<p>&nbsp;<\/p>\n<h3>6. CANVIS EN LA POL\u00cdTICA DE COOKIES.<\/h3>\n<p>El Responsable del Lloc Web es reserva el dret a modificar la present Pol\u00edtica de Cookies, per aix\u00f2 li recomanem revisar peri\u00f2dicament la mateixa amb l&#8217;objectiu d&#8217;estar adequadament informat sobre el tipus i finalitat de les Cookies.[\/nectar_responsive_text][\/vc_column][\/vc_row]\n","protected":false},"excerpt":{"rendered":"<p>[vc_row type=&#8221;in_container&#8221; full_screen_row_position=&#8221;middle&#8221; column_margin=&#8221;default&#8221; column_direction=&#8221;default&#8221; column_direction_tablet=&#8221;default&#8221; column_direction_phone=&#8221;default&#8221; scene_position=&#8221;center&#8221; text_color=&#8221;dark&#8221; text_align=&#8221;left&#8221; row_border_radius=&#8221;none&#8221; row_border_radius_applies=&#8221;bg&#8221; overflow=&#8221;visible&#8221; overlay_strength=&#8221;0.3&#8243; gradient_direction=&#8221;left_to_right&#8221; shape_divider_position=&#8221;bottom&#8221; bg_image_animation=&#8221;none&#8221;][vc_column column_padding=&#8221;no-extra-padding&#8221; column_padding_tablet=&#8221;inherit&#8221; column_padding_phone=&#8221;inherit&#8221; column_padding_position=&#8221;all&#8221; column_element_direction_desktop=&#8221;default&#8221; column_element_spacing=&#8221;default&#8221; desktop_text_alignment=&#8221;default&#8221; tablet_text_alignment=&#8221;default&#8221; phone_text_alignment=&#8221;default&#8221; background_color_opacity=&#8221;1&#8243; background_hover_color_opacity=&#8221;1&#8243; column_backdrop_filter=&#8221;none&#8221; column_shadow=&#8221;none&#8221;&#8230;<\/p>\n","protected":false},"author":1,"featured_media":0,"parent":0,"menu_order":7,"comment_status":"closed","ping_status":"closed","template":"","meta":{"footnotes":""},"class_list":["post-841","page","type-page","status-publish"],"aioseo_notices":[],"_links":{"self":[{"href":"https:\/\/www.olmialegal.com\/ca\/wp-json\/wp\/v2\/pages\/841","targetHints":{"allow":["GET"]}}],"collection":[{"href":"https:\/\/www.olmialegal.com\/ca\/wp-json\/wp\/v2\/pages"}],"about":[{"href":"https:\/\/www.olmialegal.com\/ca\/wp-json\/wp\/v2\/types\/page"}],"author":[{"embeddable":true,"href":"https:\/\/www.olmialegal.com\/ca\/wp-json\/wp\/v2\/users\/1"}],"replies":[{"embeddable":true,"href":"https:\/\/www.olmialegal.com\/ca\/wp-json\/wp\/v2\/comments?post=841"}],"version-history":[{"count":3,"href":"https:\/\/www.olmialegal.com\/ca\/wp-json\/wp\/v2\/pages\/841\/revisions"}],"predecessor-version":[{"id":865,"href":"https:\/\/www.olmialegal.com\/ca\/wp-json\/wp\/v2\/pages\/841\/revisions\/865"}],"wp:attachment":[{"href":"https:\/\/www.olmialegal.com\/ca\/wp-json\/wp\/v2\/media?parent=841"}],"curies":[{"name":"wp","href":"https:\/\/api.w.org\/{rel}","templated":true}]}}